{"id":424,"date":"2026-02-17T15:02:38","date_gmt":"2026-02-17T15:02:38","guid":{"rendered":"https:\/\/impdoradztwo.pl\/?page_id=424"},"modified":"2026-03-05T22:10:20","modified_gmt":"2026-03-05T22:10:20","slug":"ksiegowosc","status":"publish","type":"page","link":"https:\/\/impdoradztwo.pl\/index.php\/ksiegowosc\/","title":{"rendered":"Ksi\u0119gowo\u015b\u0107"},"content":{"rendered":"","protected":false},"excerpt":{"rendered":"","protected":false},"author":1,"featured_media":0,"parent":0,"menu_order":0,"comment_status":"closed","ping_status":"closed","template":"","meta":{"saved_in_kubio":true,"footnotes":""},"class_list":["post-424","page","type-page","status-publish","hentry"],"kubio_ai_page_context":{"short_desc":"","purpose":"general"},"_links":{"self":[{"href":"https:\/\/impdoradztwo.pl\/index.php\/wp-json\/wp\/v2\/pages\/424","targetHints":{"allow":["GET"]}}],"collection":[{"href":"https:\/\/impdoradztwo.pl\/index.php\/wp-json\/wp\/v2\/pages"}],"about":[{"href":"https:\/\/impdoradztwo.pl\/index.php\/wp-json\/wp\/v2\/types\/page"}],"author":[{"embeddable":true,"href":"https:\/\/impdoradztwo.pl\/index.php\/wp-json\/wp\/v2\/users\/1"}],"replies":[{"embeddable":true,"href":"https:\/\/impdoradztwo.pl\/index.php\/wp-json\/wp\/v2\/comments?post=424"}],"version-history":[{"count":3,"href":"https:\/\/impdoradztwo.pl\/index.php\/wp-json\/wp\/v2\/pages\/424\/revisions"}],"predecessor-version":[{"id":605,"href":"https:\/\/impdoradztwo.pl\/index.php\/wp-json\/wp\/v2\/pages\/424\/revisions\/605"}],"wp:attachment":[{"href":"https:\/\/impdoradztwo.pl\/index.php\/wp-json\/wp\/v2\/media?parent=424"}],"curies":[{"name":"wp","href":"https:\/\/api.w.org\/{rel}","templated":true}]}}